{"id":14283,"date":"2022-09-19T22:46:33","date_gmt":"2022-09-20T03:46:33","guid":{"rendered":"https:\/\/prosagroexport.com\/export-process\/"},"modified":"2024-05-09T10:30:30","modified_gmt":"2024-05-09T15:30:30","slug":"export-process","status":"publish","type":"page","link":"https:\/\/prosagroexport.com\/en-us\/export-process\/","title":{"rendered":"Export processes"},"content":{"rendered":"\t\t<div data-elementor-type=\"wp-page\" data-elementor-id=\"14283\" class=\"elementor elementor-14283 elementor-12541\" data-elementor-post-type=\"page\">\n\t\t\t\t\t\t<section class=\"wd-negative-gap elementor-section elementor-top-section elementor-element elementor-element-68356812 elementor-section-content-middle wd-section-stretch elementor-section-boxed elementor-section-height-default elementor-section-height-default\" data-id=\"68356812\" data-element_type=\"section\" data-e-type=\"section\" data-settings=\"{&quot;background_background&quot;:&quot;classic&quot;}\">\n\t\t\t\t\t\t\t<div class=\"elementor-background-overlay\"><\/div>\n\t\t\t\t\t\t\t<div class=\"elementor-container elementor-column-gap-default\">\n\t\t\t\t\t<div class=\"elementor-column elementor-col-100 elementor-top-column elementor-element elementor-element-651c5abc\" data-id=\"651c5abc\" data-element_type=\"column\" data-e-type=\"column\" data-settings=\"{&quot;background_background&quot;:&quot;classic&quot;}\">\n\t\t\t<div class=\"elementor-widget-wrap elementor-element-populated\">\n\t\t\t\t\t\t<div class=\"elementor-element elementor-element-420f0d4 elementor-widget elementor-widget-heading\" data-id=\"420f0d4\" data-element_type=\"widget\" data-e-type=\"widget\" data-widget_type=\"heading.default\">\n\t\t\t\t<div class=\"elementor-widget-container\">\n\t\t\t\t\t<p class=\"elementor-heading-title elementor-size-default\">We follow best practices for <span style=\"font-size: 80% !important\"> cultivation, production and export <\/span> <\/p>\t\t\t\t<\/div>\n\t\t\t\t<\/div>\n\t\t\t\t\t<\/div>\n\t\t<\/div>\n\t\t\t\t\t<\/div>\n\t\t<\/section>\n\t\t\t\t<section class=\"wd-negative-gap elementor-section elementor-top-section elementor-element elementor-element-57950239 wd-section-stretch elementor-section-boxed elementor-section-height-default elementor-section-height-default\" data-id=\"57950239\" data-element_type=\"section\" data-e-type=\"section\">\n\t\t\t\t\t\t<div class=\"elementor-container elementor-column-gap-default\">\n\t\t\t\t\t<div class=\"elementor-column elementor-col-100 elementor-top-column elementor-element elementor-element-1b64f6c0\" data-id=\"1b64f6c0\" data-element_type=\"column\" data-e-type=\"column\">\n\t\t\t<div class=\"elementor-widget-wrap elementor-element-populated\">\n\t\t\t\t\t\t<div class=\"elementor-element elementor-element-70d708f elementor-widget elementor-widget-heading\" data-id=\"70d708f\" data-element_type=\"widget\" data-e-type=\"widget\" data-widget_type=\"heading.default\">\n\t\t\t\t<div class=\"elementor-widget-container\">\n\t\t\t\t\t<h1 class=\"elementor-heading-title elementor-size-default\">The export process at Prosagro Export<\/h1>\t\t\t\t<\/div>\n\t\t\t\t<\/div>\n\t\t\t\t<div class=\"elementor-element elementor-element-48c45cab elementor-widget elementor-widget-wd_timeline\" data-id=\"48c45cab\" data-element_type=\"widget\" data-e-type=\"widget\" data-widget_type=\"wd_timeline.default\">\n\t\t\t\t<div class=\"elementor-widget-container\">\n\t\t\t\t\t\t\t<div class=\"wd-timeline-wrapper wd-item-shadow wd-line-dashed\">\n\t\t\t<div class=\"woodmart-timeline-line\">\n\t\t\t\t<span class=\"line-dot dot-start\"><\/span>\n\t\t\t\t<span class=\"line-dot dot-end\"><\/span>\n\t\t\t<\/div>\n\n\t\t\t<div class=\"wd-timeline\">\n\t\t\t\t\t\t\t\t\t\t\t\t\t\t\t\t\t\t\t\t<div class=\"wd-timeline-breakpoint elementor-repeater-item-9988200\">\n\t\t\t\t\t\t\t<span class=\"woodmart-timeline-breakpoint-title\">\n\t\t\t\t\t\t\t\t1\t\t\t\t\t\t\t<\/span>\n\t\t\t\t\t\t<\/div>\n\t\t\t\t\t\t\t\t\t\t\t\t\t\t\t\t\t\t\t\t\t\t\t\t\t<div class=\"wd-timeline-item wd-item-position-left elementor-repeater-item-1760771\">\n\t\t\t\t\t\t\t<div class=\"woodmart-timeline-dot\"><\/div>\n\n\t\t\t\t\t\t\t<div class=\"timeline-col timeline-col-primary\">\n\t\t\t\t\t\t\t\t<span class=\"timeline-arrow\"><\/span>\n\t\t\t\t\t\t\t\t\n\t\t\t\t\t\t\t\t\n\t\t\t\t\t\t\t\t<div class=\"wd-timeline-content wd-set-mb reset-last-child\">\n\t\t\t\t\t\t\t\t\t<h2 style=\"font-size: 28px;\">We select the seedlings<\/h2><p>We work hand in hand with the best growers to ensure optimal genetics, production and plant life to take maximum advantage of our resources and those of our producers.<\/p><p> <\/p><p>We carefully select the seedlings we and our partners use to guarantee that they have the best genetic profile for adapting to our tropical soil.<\/p>\t\t\t\t\t\t\t\t<\/div>\n\t\t\t\t\t\t\t<\/div>\n\n\t\t\t\t\t\t\t<div class=\"timeline-col timeline-col-secondary\">\n\t\t\t\t\t\t\t\t<span class=\"timeline-arrow\"><\/span>\n\t\t\t\t\t\t\t\t\t\t\t\t\t\t\t\t\t<div class=\"wd-timeline-image\">\n\t\t\t\t\t\t\t\t\t\t<img decoding=\"async\" width=\"484\" height=\"302\" src=\"https:\/\/prosagroexport.com\/wp-content\/uploads\/2022\/09\/En-prosagro-seleccionamos-las-plantulas.jpg\" class=\"attachment-full size-full\" alt=\"En prosagro seleccionamos las plantulas\" srcset=\"https:\/\/prosagroexport.com\/wp-content\/uploads\/2022\/09\/En-prosagro-seleccionamos-las-plantulas.jpg 484w, https:\/\/prosagroexport.com\/wp-content\/uploads\/2022\/09\/En-prosagro-seleccionamos-las-plantulas-150x94.jpg 150w\" sizes=\"(max-width: 484px) 100vw, 484px\" \/>\t\t\t\t\t\t\t\t\t<\/div>\n\t\t\t\t\t\t\t\t\n\t\t\t\t\t\t\t\t\n\t\t\t\t\t\t\t\t<div class=\"wd-timeline-content wd-set-mb reset-last-child\">\n\t\t\t\t\t\t\t\t\t\t\t\t\t\t\t\t\t<\/div>\n\t\t\t\t\t\t\t<\/div>\n\t\t\t\t\t\t<\/div>\n\t\t\t\t\t\t\t\t\t\t\t\t\t\t\t\t\t\t\t\t\t\t\t\t\t<div class=\"wd-timeline-breakpoint elementor-repeater-item-2493353\">\n\t\t\t\t\t\t\t<span class=\"woodmart-timeline-breakpoint-title\">\n\t\t\t\t\t\t\t\t2\t\t\t\t\t\t\t<\/span>\n\t\t\t\t\t\t<\/div>\n\t\t\t\t\t\t\t\t\t\t\t\t\t\t\t\t\t\t\t\t\t\t\t\t\t<div class=\"wd-timeline-item wd-item-position-right elementor-repeater-item-7775148\">\n\t\t\t\t\t\t\t<div class=\"woodmart-timeline-dot\"><\/div>\n\n\t\t\t\t\t\t\t<div class=\"timeline-col timeline-col-primary\">\n\t\t\t\t\t\t\t\t<span class=\"timeline-arrow\"><\/span>\n\t\t\t\t\t\t\t\t\n\t\t\t\t\t\t\t\t\n\t\t\t\t\t\t\t\t<div class=\"wd-timeline-content wd-set-mb reset-last-child\">\n\t\t\t\t\t\t\t\t\t<h2 style=\"font-size: 28px;\">Soil and crop survey<\/h2><p>Before planting the selected gulupa seedlings, we carry out a soil study to know their conditions and prepare the soil adequately to receive this valuable biological asset.<\/p>\t\t\t\t\t\t\t\t<\/div>\n\t\t\t\t\t\t\t<\/div>\n\n\t\t\t\t\t\t\t<div class=\"timeline-col timeline-col-secondary\">\n\t\t\t\t\t\t\t\t<span class=\"timeline-arrow\"><\/span>\n\t\t\t\t\t\t\t\t\t\t\t\t\t\t\t\t\t<div class=\"wd-timeline-image\">\n\t\t\t\t\t\t\t\t\t\t<img decoding=\"async\" width=\"484\" height=\"302\" src=\"https:\/\/prosagroexport.com\/wp-content\/uploads\/2022\/09\/en-prosagro-estudio-de-suelos-y-cultivo.jpg\" class=\"attachment-full size-full\" alt=\"En prosagro realizamos Estudio de suelos y cultivo\" srcset=\"https:\/\/prosagroexport.com\/wp-content\/uploads\/2022\/09\/en-prosagro-estudio-de-suelos-y-cultivo.jpg 484w, https:\/\/prosagroexport.com\/wp-content\/uploads\/2022\/09\/en-prosagro-estudio-de-suelos-y-cultivo-150x94.jpg 150w\" sizes=\"(max-width: 484px) 100vw, 484px\" \/>\t\t\t\t\t\t\t\t\t<\/div>\n\t\t\t\t\t\t\t\t\n\t\t\t\t\t\t\t\t\n\t\t\t\t\t\t\t\t<div class=\"wd-timeline-content wd-set-mb reset-last-child\">\n\t\t\t\t\t\t\t\t\t\t\t\t\t\t\t\t\t<\/div>\n\t\t\t\t\t\t\t<\/div>\n\t\t\t\t\t\t<\/div>\n\t\t\t\t\t\t\t\t\t\t\t\t\t\t\t\t\t\t\t\t\t\t\t\t\t<div class=\"wd-timeline-breakpoint elementor-repeater-item-4587962\">\n\t\t\t\t\t\t\t<span class=\"woodmart-timeline-breakpoint-title\">\n\t\t\t\t\t\t\t\t3\t\t\t\t\t\t\t<\/span>\n\t\t\t\t\t\t<\/div>\n\t\t\t\t\t\t\t\t\t\t\t\t\t\t\t\t\t\t\t\t\t\t\t\t\t<div class=\"wd-timeline-item wd-item-position-left elementor-repeater-item-9791643\">\n\t\t\t\t\t\t\t<div class=\"woodmart-timeline-dot\"><\/div>\n\n\t\t\t\t\t\t\t<div class=\"timeline-col timeline-col-primary\">\n\t\t\t\t\t\t\t\t<span class=\"timeline-arrow\"><\/span>\n\t\t\t\t\t\t\t\t\n\t\t\t\t\t\t\t\t\n\t\t\t\t\t\t\t\t<div class=\"wd-timeline-content wd-set-mb reset-last-child\">\n\t\t\t\t\t\t\t\t\t<h2 style=\"font-size: 28px;\">Greenhouses<\/h2><p>Our <a href=\"https:\/\/prosagroexport.com\/en-us\/passionfruit\/\">gulupa<\/a> plants do not like rain very much, but they do like water and that is why we build them semi-roof greenhouses, so that the water does not fall directly on their leaves and fruits, but can wet their roots directly.<\/p><p> <\/p><p>The plant develops fruit on the vine, where you can see the whole process of fruit development, from the bud through the flower to the development and ripening of the passionfruit.<\/p>\t\t\t\t\t\t\t\t<\/div>\n\t\t\t\t\t\t\t<\/div>\n\n\t\t\t\t\t\t\t<div class=\"timeline-col timeline-col-secondary\">\n\t\t\t\t\t\t\t\t<span class=\"timeline-arrow\"><\/span>\n\t\t\t\t\t\t\t\t\t\t\t\t\t\t\t\t\t<div class=\"wd-timeline-image\">\n\t\t\t\t\t\t\t\t\t\t<img decoding=\"async\" width=\"484\" height=\"302\" src=\"https:\/\/prosagroexport.com\/wp-content\/uploads\/2022\/09\/construimos-invernaderos-de-semi-techo.jpg\" class=\"attachment-full size-full\" alt=\"En prosagro export construimos invernaderos de semi techo\" srcset=\"https:\/\/prosagroexport.com\/wp-content\/uploads\/2022\/09\/construimos-invernaderos-de-semi-techo.jpg 484w, https:\/\/prosagroexport.com\/wp-content\/uploads\/2022\/09\/construimos-invernaderos-de-semi-techo-150x94.jpg 150w\" sizes=\"(max-width: 484px) 100vw, 484px\" \/>\t\t\t\t\t\t\t\t\t<\/div>\n\t\t\t\t\t\t\t\t\n\t\t\t\t\t\t\t\t\n\t\t\t\t\t\t\t\t<div class=\"wd-timeline-content wd-set-mb reset-last-child\">\n\t\t\t\t\t\t\t\t\t\t\t\t\t\t\t\t\t<\/div>\n\t\t\t\t\t\t\t<\/div>\n\t\t\t\t\t\t<\/div>\n\t\t\t\t\t\t\t\t\t\t\t\t\t\t\t\t\t\t\t\t\t\t\t\t\t<div class=\"wd-timeline-breakpoint elementor-repeater-item-09cf789\">\n\t\t\t\t\t\t\t<span class=\"woodmart-timeline-breakpoint-title\">\n\t\t\t\t\t\t\t\t4\t\t\t\t\t\t\t<\/span>\n\t\t\t\t\t\t<\/div>\n\t\t\t\t\t\t\t\t\t\t\t\t\t\t\t\t\t\t\t\t\t\t\t\t\t<div class=\"wd-timeline-item wd-item-position-right elementor-repeater-item-6165912\">\n\t\t\t\t\t\t\t<div class=\"woodmart-timeline-dot\"><\/div>\n\n\t\t\t\t\t\t\t<div class=\"timeline-col timeline-col-primary\">\n\t\t\t\t\t\t\t\t<span class=\"timeline-arrow\"><\/span>\n\t\t\t\t\t\t\t\t\n\t\t\t\t\t\t\t\t\n\t\t\t\t\t\t\t\t<div class=\"wd-timeline-content wd-set-mb reset-last-child\">\n\t\t\t\t\t\t\t\t\t<h2 style=\"font-size: 28px;\">Harvest<\/h2><p>After planting our passionfruit seedlings we wait 6 to 8 months and work carefully every day to prepare for the first harvest.<\/p><p> <\/p><p>We harvest the fruit directly from the plant. When it turns a purple color, it tells us that it has reached a point of sweetness suitable for our demanding customers.<\/p>\t\t\t\t\t\t\t\t<\/div>\n\t\t\t\t\t\t\t<\/div>\n\n\t\t\t\t\t\t\t<div class=\"timeline-col timeline-col-secondary\">\n\t\t\t\t\t\t\t\t<span class=\"timeline-arrow\"><\/span>\n\t\t\t\t\t\t\t\t\t\t\t\t\t\t\t\t\t<div class=\"wd-timeline-image\">\n\t\t\t\t\t\t\t\t\t\t<img decoding=\"async\" width=\"484\" height=\"302\" src=\"https:\/\/prosagroexport.com\/wp-content\/uploads\/2022\/09\/Cosechamos-la-fruta-directamente-de-la-planta.jpg\" class=\"attachment-full size-full\" alt=\"En prosagro export Cosechamos la fruta directamente de la planta\" srcset=\"https:\/\/prosagroexport.com\/wp-content\/uploads\/2022\/09\/Cosechamos-la-fruta-directamente-de-la-planta.jpg 484w, https:\/\/prosagroexport.com\/wp-content\/uploads\/2022\/09\/Cosechamos-la-fruta-directamente-de-la-planta-150x94.jpg 150w\" sizes=\"(max-width: 484px) 100vw, 484px\" \/>\t\t\t\t\t\t\t\t\t<\/div>\n\t\t\t\t\t\t\t\t\n\t\t\t\t\t\t\t\t\n\t\t\t\t\t\t\t\t<div class=\"wd-timeline-content wd-set-mb reset-last-child\">\n\t\t\t\t\t\t\t\t\t\t\t\t\t\t\t\t\t<\/div>\n\t\t\t\t\t\t\t<\/div>\n\t\t\t\t\t\t<\/div>\n\t\t\t\t\t\t\t\t\t\t\t\t\t\t\t\t\t\t\t\t\t\t\t\t\t<div class=\"wd-timeline-breakpoint elementor-repeater-item-9649141\">\n\t\t\t\t\t\t\t<span class=\"woodmart-timeline-breakpoint-title\">\n\t\t\t\t\t\t\t\t5\t\t\t\t\t\t\t<\/span>\n\t\t\t\t\t\t<\/div>\n\t\t\t\t\t\t\t\t\t\t\t\t\t\t\t\t\t\t\t\t\t\t\t\t\t<div class=\"wd-timeline-item wd-item-position-left elementor-repeater-item-7351c6e\">\n\t\t\t\t\t\t\t<div class=\"woodmart-timeline-dot\"><\/div>\n\n\t\t\t\t\t\t\t<div class=\"timeline-col timeline-col-primary\">\n\t\t\t\t\t\t\t\t<span class=\"timeline-arrow\"><\/span>\n\t\t\t\t\t\t\t\t\n\t\t\t\t\t\t\t\t\n\t\t\t\t\t\t\t\t<div class=\"wd-timeline-content wd-set-mb reset-last-child\">\n\t\t\t\t\t\t\t\t\t<h2 style=\"font-size: 28px;\">Production<\/h2><p>The fruit is pre-selected at the farm to prevent some defects from reaching the plant.<\/p><p> <\/p><p>Once it arrives at the packaging plant, the fruit is carefully selected and packaged according to our customers' quality standards.<\/p>\t\t\t\t\t\t\t\t<\/div>\n\t\t\t\t\t\t\t<\/div>\n\n\t\t\t\t\t\t\t<div class=\"timeline-col timeline-col-secondary\">\n\t\t\t\t\t\t\t\t<span class=\"timeline-arrow\"><\/span>\n\t\t\t\t\t\t\t\t\t\t\t\t\t\t\t\t\t<div class=\"wd-timeline-image\">\n\t\t\t\t\t\t\t\t\t\t<img decoding=\"async\" width=\"484\" height=\"302\" src=\"https:\/\/prosagroexport.com\/wp-content\/uploads\/2022\/09\/la-fruta-se-selecciona-y-se-empaca-cuidadosamente.jpg\" class=\"attachment-full size-full\" alt=\"En prosagro export la fruta se selecciona y se empaca cuidadosamente\" srcset=\"https:\/\/prosagroexport.com\/wp-content\/uploads\/2022\/09\/la-fruta-se-selecciona-y-se-empaca-cuidadosamente.jpg 484w, https:\/\/prosagroexport.com\/wp-content\/uploads\/2022\/09\/la-fruta-se-selecciona-y-se-empaca-cuidadosamente-150x94.jpg 150w\" sizes=\"(max-width: 484px) 100vw, 484px\" \/>\t\t\t\t\t\t\t\t\t<\/div>\n\t\t\t\t\t\t\t\t\n\t\t\t\t\t\t\t\t\n\t\t\t\t\t\t\t\t<div class=\"wd-timeline-content wd-set-mb reset-last-child\">\n\t\t\t\t\t\t\t\t\t\t\t\t\t\t\t\t\t<\/div>\n\t\t\t\t\t\t\t<\/div>\n\t\t\t\t\t\t<\/div>\n\t\t\t\t\t\t\t\t\t\t\t\t\t\t\t\t\t\t\t\t\t\t\t\t\t<div class=\"wd-timeline-breakpoint elementor-repeater-item-e26d9fc\">\n\t\t\t\t\t\t\t<span class=\"woodmart-timeline-breakpoint-title\">\n\t\t\t\t\t\t\t\t6\t\t\t\t\t\t\t<\/span>\n\t\t\t\t\t\t<\/div>\n\t\t\t\t\t\t\t\t\t\t\t\t\t\t\t\t\t\t\t\t\t\t\t\t\t<div class=\"wd-timeline-item wd-item-position-right elementor-repeater-item-0c3f1c7\">\n\t\t\t\t\t\t\t<div class=\"woodmart-timeline-dot\"><\/div>\n\n\t\t\t\t\t\t\t<div class=\"timeline-col timeline-col-primary\">\n\t\t\t\t\t\t\t\t<span class=\"timeline-arrow\"><\/span>\n\t\t\t\t\t\t\t\t\n\t\t\t\t\t\t\t\t\n\t\t\t\t\t\t\t\t<div class=\"wd-timeline-content wd-set-mb reset-last-child\">\n\t\t\t\t\t\t\t\t\t<h2 style=\"font-size: 28px;\">Refrigeration<\/h2><p>We refrigerate the fruit so that it can withstand its long journey, which can last more than 2 weeks until it reaches our customers' warehouses.<\/p>\t\t\t\t\t\t\t\t<\/div>\n\t\t\t\t\t\t\t<\/div>\n\n\t\t\t\t\t\t\t<div class=\"timeline-col timeline-col-secondary\">\n\t\t\t\t\t\t\t\t<span class=\"timeline-arrow\"><\/span>\n\t\t\t\t\t\t\t\t\t\t\t\t\t\t\t\t\t<div class=\"wd-timeline-image\">\n\t\t\t\t\t\t\t\t\t\t<img decoding=\"async\" width=\"484\" height=\"302\" src=\"https:\/\/prosagroexport.com\/wp-content\/uploads\/2022\/09\/gulupas-en-almacen.jpg\" class=\"attachment-full size-full\" alt=\"Gulupas almacenadas\" srcset=\"https:\/\/prosagroexport.com\/wp-content\/uploads\/2022\/09\/gulupas-en-almacen.jpg 484w, https:\/\/prosagroexport.com\/wp-content\/uploads\/2022\/09\/gulupas-en-almacen-150x94.jpg 150w\" sizes=\"(max-width: 484px) 100vw, 484px\" \/>\t\t\t\t\t\t\t\t\t<\/div>\n\t\t\t\t\t\t\t\t\n\t\t\t\t\t\t\t\t\n\t\t\t\t\t\t\t\t<div class=\"wd-timeline-content wd-set-mb reset-last-child\">\n\t\t\t\t\t\t\t\t\t\t\t\t\t\t\t\t\t<\/div>\n\t\t\t\t\t\t\t<\/div>\n\t\t\t\t\t\t<\/div>\n\t\t\t\t\t\t\t\t\t\t\t\t\t\t\t\t\t\t\t\t\t\t\t\t\t<div class=\"wd-timeline-breakpoint elementor-repeater-item-c4c7261\">\n\t\t\t\t\t\t\t<span class=\"woodmart-timeline-breakpoint-title\">\n\t\t\t\t\t\t\t\t7\t\t\t\t\t\t\t<\/span>\n\t\t\t\t\t\t<\/div>\n\t\t\t\t\t\t\t\t\t\t\t\t\t\t\t\t\t\t\t\t\t\t\t\t\t<div class=\"wd-timeline-item wd-item-position-left elementor-repeater-item-6bab8b0\">\n\t\t\t\t\t\t\t<div class=\"woodmart-timeline-dot\"><\/div>\n\n\t\t\t\t\t\t\t<div class=\"timeline-col timeline-col-primary\">\n\t\t\t\t\t\t\t\t<span class=\"timeline-arrow\"><\/span>\n\t\t\t\t\t\t\t\t\n\t\t\t\t\t\t\t\t\n\t\t\t\t\t\t\t\t<div class=\"wd-timeline-content wd-set-mb reset-last-child\">\n\t\t\t\t\t\t\t\t\t<h2 style=\"font-size: 28px;\">Export<\/h2><p>Finally, the fruit is ready for export and distribution in markets abroad.<\/p><p> <\/p><p>We use best processes in the production chain to produce healthy and healthful fruit for consumption.<\/p><p> <\/p><p>We act as custodians of the environment and protect the aquifers that surround us, living in a healthy balance with the land.<\/p>\t\t\t\t\t\t\t\t<\/div>\n\t\t\t\t\t\t\t<\/div>\n\n\t\t\t\t\t\t\t<div class=\"timeline-col timeline-col-secondary\">\n\t\t\t\t\t\t\t\t<span class=\"timeline-arrow\"><\/span>\n\t\t\t\t\t\t\t\t\t\t\t\t\t\t\t\t\t<div class=\"wd-timeline-image\">\n\t\t\t\t\t\t\t\t\t\t<img decoding=\"async\" width=\"484\" height=\"302\" src=\"https:\/\/prosagroexport.com\/wp-content\/uploads\/2022\/09\/utilizamos-los-mejores-procesos-en-la-cadena-de-produccion.jpg\" class=\"attachment-full size-full\" alt=\"Utilizamos los mejores procesos en la cadena de producci\u00f3n y exportaci\u00f3n de gulupa\" srcset=\"https:\/\/prosagroexport.com\/wp-content\/uploads\/2022\/09\/utilizamos-los-mejores-procesos-en-la-cadena-de-produccion.jpg 484w, https:\/\/prosagroexport.com\/wp-content\/uploads\/2022\/09\/utilizamos-los-mejores-procesos-en-la-cadena-de-produccion-150x94.jpg 150w\" sizes=\"(max-width: 484px) 100vw, 484px\" \/>\t\t\t\t\t\t\t\t\t<\/div>\n\t\t\t\t\t\t\t\t\n\t\t\t\t\t\t\t\t\n\t\t\t\t\t\t\t\t<div class=\"wd-timeline-content wd-set-mb reset-last-child\">\n\t\t\t\t\t\t\t\t\t\t\t\t\t\t\t\t\t<\/div>\n\t\t\t\t\t\t\t<\/div>\n\t\t\t\t\t\t<\/div>\n\t\t\t\t\t\t\t\t\t\t\t\t<\/div>\n\t\t<\/div>\n\t\t\t\t\t\t<\/div>\n\t\t\t\t<\/div>\n\t\t\t\t\t<\/div>\n\t\t<\/div>\n\t\t\t\t\t<\/div>\n\t\t<\/section>\n\t\t\t\t<section class=\"wd-negative-gap elementor-section elementor-top-section elementor-element elementor-element-f7c77e3 elementor-section-content-middle wd-section-stretch elementor-section-boxed elementor-section-height-default elementor-section-height-default\" data-id=\"f7c77e3\" data-element_type=\"section\" data-e-type=\"section\" data-settings=\"{&quot;background_background&quot;:&quot;classic&quot;}\">\n\t\t\t\t\t\t<div class=\"elementor-container elementor-column-gap-default\">\n\t\t\t\t\t<div class=\"elementor-column elementor-col-50 elementor-top-column elementor-element elementor-element-87f7768\" data-id=\"87f7768\" data-element_type=\"column\" data-e-type=\"column\">\n\t\t\t<div class=\"elementor-widget-wrap elementor-element-populated\">\n\t\t\t\t\t\t<div class=\"elementor-element elementor-element-410fc16 elementor-widget elementor-widget-video\" data-id=\"410fc16\" data-element_type=\"widget\" data-e-type=\"widget\" data-settings=\"{&quot;youtube_url&quot;:&quot;https:\\\/\\\/www.youtube.com\\\/watch?v=po2PeZrtO8U&quot;,&quot;show_image_overlay&quot;:&quot;yes&quot;,&quot;image_overlay&quot;:{&quot;url&quot;:&quot;https:\\\/\\\/prosagroexport.com\\\/wp-content\\\/uploads\\\/2022\\\/09\\\/Nuestros-cultivos-estan-certificados-con-buenas-practicas-agricolas.jpg&quot;,&quot;id&quot;:12649,&quot;size&quot;:&quot;&quot;,&quot;alt&quot;:&quot;Nuestros cultivos est\\u00e1n certificados con buenas pr\\u00e1cticas agr\\u00edcolas&quot;,&quot;source&quot;:&quot;library&quot;},&quot;video_type&quot;:&quot;youtube&quot;,&quot;controls&quot;:&quot;yes&quot;}\" data-widget_type=\"video.default\">\n\t\t\t\t<div class=\"elementor-widget-container\">\n\t\t\t\t\t\t\t<div class=\"elementor-wrapper elementor-open-inline\">\n\t\t\t<div class=\"elementor-video\"><\/div>\t\t\t\t<div class=\"elementor-custom-embed-image-overlay\" style=\"background-image: url(https:\/\/prosagroexport.com\/wp-content\/uploads\/2022\/09\/Nuestros-cultivos-estan-certificados-con-buenas-practicas-agricolas.jpg);\">\n\t\t\t\t\t\t\t\t\t\t\t\t\t\t\t\t<div class=\"elementor-custom-embed-play\" role=\"button\" aria-label=\"Play Video about Nuestros cultivos est\u00e1n certificados con buenas pr\u00e1cticas agr\u00edcolas\" tabindex=\"0\">\n\t\t\t\t\t\t\t<i aria-hidden=\"true\" class=\"eicon-play\"><\/i>\t\t\t\t\t\t<\/div>\n\t\t\t\t\t\t\t\t\t<\/div>\n\t\t\t\t\t<\/div>\n\t\t\t\t\t\t<\/div>\n\t\t\t\t<\/div>\n\t\t\t\t\t<\/div>\n\t\t<\/div>\n\t\t\t\t<div class=\"elementor-column elementor-col-50 elementor-top-column elementor-element elementor-element-cbcadc6\" data-id=\"cbcadc6\" data-element_type=\"column\" data-e-type=\"column\">\n\t\t\t<div class=\"elementor-widget-wrap elementor-element-populated\">\n\t\t\t\t\t\t<div class=\"elementor-element elementor-element-9028e6e elementor-widget elementor-widget-heading\" data-id=\"9028e6e\" data-element_type=\"widget\" data-e-type=\"widget\" data-widget_type=\"heading.default\">\n\t\t\t\t<div class=\"elementor-widget-container\">\n\t\t\t\t\t<h2 class=\"elementor-heading-title elementor-size-default\">Export Certification<\/h2>\t\t\t\t<\/div>\n\t\t\t\t<\/div>\n\t\t\t\t<div class=\"elementor-element elementor-element-84ed255 color-scheme-inherit text-left elementor-widget elementor-widget-text-editor\" data-id=\"84ed255\" data-element_type=\"widget\" data-e-type=\"widget\" data-widget_type=\"text-editor.default\">\n\t\t\t\t<div class=\"elementor-widget-container\">\n\t\t\t\t\t\t\t\t\t<p>Our crops are certified for good agricultural practices by the Colombian Agricultural Institute:<\/p>\n<ul>\n<li><strong>ICA<\/strong> Phytosanitary certificate for export<\/li>\n<li><strong>GAPS<\/strong> Certificate of good practices for agri-food producers.<\/li>\n<li><strong>GLOBALG.A.P <\/strong>. Certificate of risk assessment in social practices.<\/li>\n<\/ul>\n\t\t\t\t\t\t\t\t<\/div>\n\t\t\t\t<\/div>\n\t\t\t\t\t<\/div>\n\t\t<\/div>\n\t\t\t\t\t<\/div>\n\t\t<\/section>\n\t\t\t\t<\/div>\n\t\t","protected":false},"excerpt":{"rendered":"<p>We follow best practices for cultivation, production and export The export process at Prosagro Export 1 We select the seedlings<\/p>\n","protected":false},"author":1,"featured_media":0,"parent":0,"menu_order":0,"comment_status":"closed","ping_status":"closed","template":"","meta":{"_joinchat":[],"footnotes":""},"class_list":["post-14283","page","type-page","status-publish","hentry"],"_links":{"self":[{"href":"https:\/\/prosagroexport.com\/en-us\/wp-json\/wp\/v2\/pages\/14283","targetHints":{"allow":["GET"]}}],"collection":[{"href":"https:\/\/prosagroexport.com\/en-us\/wp-json\/wp\/v2\/pages"}],"about":[{"href":"https:\/\/prosagroexport.com\/en-us\/wp-json\/wp\/v2\/types\/page"}],"author":[{"embeddable":true,"href":"https:\/\/prosagroexport.com\/en-us\/wp-json\/wp\/v2\/users\/1"}],"replies":[{"embeddable":true,"href":"https:\/\/prosagroexport.com\/en-us\/wp-json\/wp\/v2\/comments?post=14283"}],"version-history":[{"count":8,"href":"https:\/\/prosagroexport.com\/en-us\/wp-json\/wp\/v2\/pages\/14283\/revisions"}],"predecessor-version":[{"id":15337,"href":"https:\/\/prosagroexport.com\/en-us\/wp-json\/wp\/v2\/pages\/14283\/revisions\/15337"}],"wp:attachment":[{"href":"https:\/\/prosagroexport.com\/en-us\/wp-json\/wp\/v2\/media?parent=14283"}],"curies":[{"name":"wp","href":"https:\/\/api.w.org\/{rel}","templated":true}]}}